{"id":31571,"date":"2026-03-12T01:41:45","date_gmt":"2026-03-12T01:41:45","guid":{"rendered":"https:\/\/zyntravo.shop\/product\/bieco-kuscheltier-reh-ella-mit-rassel-baby-kuscheltier-ab-0-monate-stofftier-baby-pluschtier-reh-rentier-kuscheltier-madchen-kuscheltier-spieluhr-madchen\/"},"modified":"2026-04-08T05:57:36","modified_gmt":"2026-04-08T05:57:36","slug":"bieco-kuscheltier-reh-ella-mit-rassel-baby-kuscheltier-ab-0-monate-stofftier-baby-pluschtier-reh-rentier-kuscheltier-madchen-kuscheltier-spieluhr-madchen","status":"publish","type":"product","link":"https:\/\/zyntravo.shop\/en\/product\/bieco-kuscheltier-reh-ella-mit-rassel-baby-kuscheltier-ab-0-monate-stofftier-baby-pluschtier-reh-rentier-kuscheltier-madchen-kuscheltier-spieluhr-madchen\/","title":{"rendered":"Bieco Kuscheltier Reh Ella mit Rassel | Baby Kuscheltier ab 0 Monate Pl\u00fcschtier Reh rentier"},"content":{"rendered":"<p><b>Marke:<\/b> Bieco<\/p>\n<p><b>Farbe:<\/b> Beige<\/p>\n<p><b>Eigenschaften:<\/b><\/p>\n<ul>\n<li>SPIEL &amp; SPASS: Das niedliche Reh ist samtig-weich und wird dank integrierter Rassel jedem Baby viel Spiel, Spa\u00df und Freude schenken. Ein kleiner Freund zum Entdecken und lieb haben<\/li>\n<li>QUALIT\u00c4T: Das Pl\u00fcschtier ist aus hochwertigem Polyester gefertigt und Kuschelweich. Hergestellt nach h\u00f6chsten Qualit\u00e4tsstandards, wird das Reh ein treuer Begleiter f\u00fcr Dein Baby<\/li>\n<li>ENTDECKEN: Durch die unterschiedlichen Formen und Stoffstrukturen wird Dein Baby zum greifen und f\u00fchlen angeregt. Damit f\u00f6rderst Du die Motorik Deines Kleinen<\/li>\n<li>BABY GESCHENKE: Das vertr\u00e4umte Reh ist eine tolle Geschenkidee f\u00fcr Kinder und Babys. Das niedliche Stofftier zaubert jedem ein L\u00e4cheln ins Gesicht<\/li>\n<li>LIEFERUMFANG: 1x Pl\u00fcschtier Reh mit Rassel. Gr\u00f6\u00dfe ca. 22x6x4 cm; Gewicht: ca. 25 Gramm. Material: Polyester, Handw\u00e4sche. Ideal f\u00fcr Babys ab dem 9. Lebensmonat<\/li>\n<\/ul>\n<p><b>Artikelnummer:<\/b> 16000009<\/p>\n<p><b>EAN:<\/b> 4005544160094<\/p>\n<p><b>Paketma\u00dfe:<\/b> 7.1 x 5.9 x 1.6 inches<\/p>","protected":false},"excerpt":{"rendered":"<p>Marke: Bieco Farbe: Beige Eigenschaften: SPIEL &amp; SPASS: Das niedliche Reh ist samtig-weich und wird dank integrierter Rassel jedem Baby<\/p>","protected":false},"featured_media":31574,"comment_status":"open","ping_status":"closed","template":"","meta":[],"product_brand":[],"product_cat":[150,151,152],"product_tag":[139,140,141],"class_list":{"0":"post-31571","1":"product","2":"type-product","3":"status-publish","4":"has-post-thumbnail","6":"product_cat-collection-1","7":"product_cat-collection-2","8":"product_cat-startseite","9":"product_tag-baby-product","10":"product_tag-bieco","11":"product_tag-stofftiere-teddybaeren","13":"first","14":"instock","15":"shipping-taxable","16":"purchasable","17":"product-type-simple"},"_links":{"self":[{"href":"https:\/\/zyntravo.shop\/en\/wp-json\/wp\/v2\/product\/31571","targetHints":{"allow":["GET"]}}],"collection":[{"href":"https:\/\/zyntravo.shop\/en\/wp-json\/wp\/v2\/product"}],"about":[{"href":"https:\/\/zyntravo.shop\/en\/wp-json\/wp\/v2\/types\/product"}],"replies":[{"embeddable":true,"href":"https:\/\/zyntravo.shop\/en\/wp-json\/wp\/v2\/comments?post=31571"}],"version-history":[{"count":1,"href":"https:\/\/zyntravo.shop\/en\/wp-json\/wp\/v2\/product\/31571\/revisions"}],"predecessor-version":[{"id":31691,"href":"https:\/\/zyntravo.shop\/en\/wp-json\/wp\/v2\/product\/31571\/revisions\/31691"}],"wp:featuredmedia":[{"embeddable":true,"href":"https:\/\/zyntravo.shop\/en\/wp-json\/wp\/v2\/media\/31574"}],"wp:attachment":[{"href":"https:\/\/zyntravo.shop\/en\/wp-json\/wp\/v2\/media?parent=31571"}],"wp:term":[{"taxonomy":"product_brand","embeddable":true,"href":"https:\/\/zyntravo.shop\/en\/wp-json\/wp\/v2\/product_brand?post=31571"},{"taxonomy":"product_cat","embeddable":true,"href":"https:\/\/zyntravo.shop\/en\/wp-json\/wp\/v2\/product_cat?post=31571"},{"taxonomy":"product_tag","embeddable":true,"href":"https:\/\/zyntravo.shop\/en\/wp-json\/wp\/v2\/product_tag?post=31571"}],"curies":[{"name":"wp","href":"https:\/\/api.w.org\/{rel}","templated":true}]}}