{"id":31577,"date":"2026-03-12T01:41:57","date_gmt":"2026-03-12T01:41:57","guid":{"rendered":"https:\/\/zyntravo.shop\/product\/my-first-nici-kuscheltier-bar-taps-pluschtier-stofftier-fur-babys-und-kleinkinder-ab-der-geburt\/"},"modified":"2026-04-08T06:27:54","modified_gmt":"2026-04-08T06:27:54","slug":"my-first-nici-kuscheltier-bar-taps-pluschtier-stofftier-fur-babys-und-kleinkinder-ab-der-geburt","status":"publish","type":"product","link":"https:\/\/zyntravo.shop\/en\/product\/my-first-nici-kuscheltier-bar-taps-pluschtier-stofftier-fur-babys-und-kleinkinder-ab-der-geburt\/","title":{"rendered":"My First NICI Kuscheltier Ba\u0308r Taps \u2013 Plu\u0308schtier Stofftier fu\u0308r Babys und Kleinkinder"},"content":{"rendered":"<p><b>Marke:<\/b> NICI<\/p>\n<p><b>Farbe:<\/b> Beige<\/p>\n<p><b>Eigenschaften:<\/b><\/p>\n<ul>\n<li>DER ERSTE BEGLEITER &#8211; Unsere Artikel sind auf die einzelnen Entwicklungsstufen von Babys abgestimmt. Teddyba\u0308r Taps ist dank seiner Gro\u0308\u00dfe (24 cm) und seines kuscheligen Fells bereits fu\u0308r die ersten Monate geeignet<\/li>\n<li>KUSCHELIG WEICH \u2013 Ba\u0308r Taps ist ein niedlicher Hingucker mit seinen geringelten So\u0308ckchen und dem gestreiften Ohr im weichen Plu\u0308schgewand \u2013 ein idealer Spielgefa\u0308hrte fu\u0308r Ihr Baby<\/li>\n<li>ERSTKLASSIGE MATERIALIEN \u2013 NICI Artikel bestehen aus hochwertigem Plu\u0308sch \u2013 eine ausgezeichnete Qualita\u0308t liegt uns fu\u0308r Ihr Kind am Herzen<\/li>\n<li>PRODUKTQUALITA\u0308T \u2013 Wir achten auf strenge Qualita\u0308tskontrollen und modernste Sicherheitsstandards, denn es liegt uns sehr am Herzen, dass Ihr Kind unbeschwerten Kuschelspa\u00df genie\u00dfen kann<\/li>\n<li>NICI \u2013 Unsere liebevoll gestalteten Spiel- und Lernprodukte wurden von erfahrenen Designern, die selbst Eltern sind, entwickelt. Vertrauen Sie auf unser Know-How und schenken Sie Ihrem Kind Freude<\/li>\n<\/ul>\n<p><b>Modellnummer:<\/b> 39684<\/p>\n<p><b>Artikelnummer:<\/b> 39684<\/p>\n<p><b>Einzelheiten:<\/b> Produktbeschreibung<\/p>\n<p>DER ERSTE KUSCHELIGE SPIELGEF\u00c4HRTE Kinder lernen von Geburt an spielerisch die Welt zu entdecken \u2013 mit allen Sinnen. Unterst\u00fctzen k\u00f6nnen Sie diese ersten Lernprozesse mit ausgew\u00e4hltem Spielzeug. Pl\u00fcschb\u00e4r Taps bietet Ihrem Baby einen kuscheligen Weggef\u00e4hrten \u2013 bereits ab der Geburt. Das niedliche weiche Schmusetier Taps tr\u00e4gt kuschelig weiches Fell aus cremefarbenem NICI Pl\u00fcsch. Hingucker sind das geringelte S\u00f6ckchen und das gestreifte Ohr, mit dem er jedem ein L\u00e4cheln auf\u2019s Gesicht zaubert. B\u00e4r Taps im Detail: \u2022 H\u00f6he: 24 cm \u2022 Breite: 12 cm \u2022 Tiefe: 10 cm \u2022 Material: kuscheliges NICI Pl\u00fcsch \u2022 Altersempfehlung: ab 0 Monaten \u2022 Pflegehinweise: waschbar im Schonwaschgang bei 30 Grad MY FIRST NICI Wir tragen mit unseren Produkten dazu bei, dass jeder kleine Schritt zu einem gro\u00dfen Fortschritt in der geistigen und k\u00f6rperlichen Entwicklung des Kindes wird. Entwickelt von erfahrenen Produktdesignern, die selbst Eltern sind, umfasst unser Sortiment vielf\u00e4ltige Artikel, die die F\u00e4higkeiten Ihres Kindes oder Kleinkindes spielerisch f\u00f6rdern.<\/p>\n<p>Set enth\u00e4lt:<\/p>\n<p>1 x Schmusetier B\u00e4r Taps<\/p>\n<p><b>EAN:<\/b> 4012390396843<\/p>\n<p><b>Paketma\u00dfe:<\/b> 11.1 x 7.4 x 4.3 inches<\/p>","protected":false},"excerpt":{"rendered":"<p>Marke: NICI Farbe: Beige Eigenschaften: DER ERSTE BEGLEITER &#8211; Unsere Artikel sind auf die einzelnen Entwicklungsstufen von Babys abgestimmt. Teddyba\u0308r<\/p>","protected":false},"featured_media":31615,"comment_status":"open","ping_status":"closed","template":"","meta":[],"product_brand":[],"product_cat":[150,151,152],"product_tag":[139,147,148],"class_list":{"0":"post-31577","1":"product","2":"type-product","3":"status-publish","4":"has-post-thumbnail","6":"product_cat-collection-1","7":"product_cat-collection-2","8":"product_cat-startseite","9":"product_tag-baby-product","10":"product_tag-mobiles","11":"product_tag-nici","13":"first","14":"instock","15":"shipping-taxable","16":"purchasable","17":"product-type-simple"},"_links":{"self":[{"href":"https:\/\/zyntravo.shop\/en\/wp-json\/wp\/v2\/product\/31577","targetHints":{"allow":["GET"]}}],"collection":[{"href":"https:\/\/zyntravo.shop\/en\/wp-json\/wp\/v2\/product"}],"about":[{"href":"https:\/\/zyntravo.shop\/en\/wp-json\/wp\/v2\/types\/product"}],"replies":[{"embeddable":true,"href":"https:\/\/zyntravo.shop\/en\/wp-json\/wp\/v2\/comments?post=31577"}],"version-history":[{"count":1,"href":"https:\/\/zyntravo.shop\/en\/wp-json\/wp\/v2\/product\/31577\/revisions"}],"predecessor-version":[{"id":31696,"href":"https:\/\/zyntravo.shop\/en\/wp-json\/wp\/v2\/product\/31577\/revisions\/31696"}],"wp:featuredmedia":[{"embeddable":true,"href":"https:\/\/zyntravo.shop\/en\/wp-json\/wp\/v2\/media\/31615"}],"wp:attachment":[{"href":"https:\/\/zyntravo.shop\/en\/wp-json\/wp\/v2\/media?parent=31577"}],"wp:term":[{"taxonomy":"product_brand","embeddable":true,"href":"https:\/\/zyntravo.shop\/en\/wp-json\/wp\/v2\/product_brand?post=31577"},{"taxonomy":"product_cat","embeddable":true,"href":"https:\/\/zyntravo.shop\/en\/wp-json\/wp\/v2\/product_cat?post=31577"},{"taxonomy":"product_tag","embeddable":true,"href":"https:\/\/zyntravo.shop\/en\/wp-json\/wp\/v2\/product_tag?post=31577"}],"curies":[{"name":"wp","href":"https:\/\/api.w.org\/{rel}","templated":true}]}}